{"id":280,"date":"2019-03-08T13:50:02","date_gmt":"2019-03-08T13:50:02","guid":{"rendered":"http:\/\/globalbusinet.com\/viaelevadores\/?page_id=280"},"modified":"2019-05-13T14:20:59","modified_gmt":"2019-05-13T14:20:59","slug":"puente-grua","status":"publish","type":"page","link":"https:\/\/viaelevadores.com.co\/index.php\/puente-grua\/","title":{"rendered":"PUENTE GR\u00daA"},"content":{"rendered":"\t\t<div data-elementor-type=\"wp-post\" data-elementor-id=\"280\" class=\"elementor elementor-280\" data-elementor-settings=\"[]\">\n\t\t\t\t\t\t<div class=\"elementor-inner\">\n\t\t\t\t\t\t\t<div class=\"elementor-section-wrap\">\n\t\t\t\t\t\t\t<section class=\"elementor-section elementor-top-section elementor-element elementor-element-112a5c55 elementor-section-full_width elementor-section-height-default elementor-section-height-default\" data-id=\"112a5c55\" data-element_type=\"section\">\n\t\t\t\t\t\t<div class=\"elementor-container elementor-column-gap-default\">\n\t\t\t\t\t\t\t<div class=\"elementor-row\">\n\t\t\t\t\t<div class=\"elementor-column elementor-col-100 elementor-top-column elementor-element elementor-element-41ff0fc9\" data-id=\"41ff0fc9\" data-element_type=\"column\">\n\t\t\t<div class=\"elementor-column-wrap elementor-element-populated\">\n\t\t\t\t\t\t\t<div class=\"elementor-widget-wrap\">\n\t\t\t\t\t\t<div class=\"elementor-element elementor-element-ebbed13 elementor-widget elementor-widget-html\" data-id=\"ebbed13\" data-element_type=\"widget\" data-widget_type=\"html.default\">\n\t\t\t\t<div class=\"elementor-widget-container\">\n\t\t\t<header id=\"header_productos\">\n    <h2>PUENTE GR\u00daA<\/h2>\n    <video src=\"https:\/\/viaelevadores.com.co\/video\/animacion-puente-grua.mp4\" autoplay muted loop><\/video>\n<\/header>\t\t<\/div>\n\t\t\t\t<\/div>\n\t\t\t\t<section class=\"elementor-section elementor-inner-section elementor-element elementor-element-339aac9d elementor-section-boxed elementor-section-height-default elementor-section-height-default\" data-id=\"339aac9d\" data-element_type=\"section\">\n\t\t\t\t\t\t<div class=\"elementor-container elementor-column-gap-default\">\n\t\t\t\t\t\t\t<div class=\"elementor-row\">\n\t\t\t\t\t<div class=\"elementor-column elementor-col-100 elementor-inner-column elementor-element elementor-element-75f1512f\" data-id=\"75f1512f\" data-element_type=\"column\">\n\t\t\t<div class=\"elementor-column-wrap elementor-element-populated\">\n\t\t\t\t\t\t\t<div class=\"elementor-widget-wrap\">\n\t\t\t\t\t\t<div class=\"elementor-element elementor-element-40d4ed41 elementor-widget elementor-widget-spacer\" data-id=\"40d4ed41\" data-element_type=\"widget\" data-widget_type=\"spacer.default\">\n\t\t\t\t<div class=\"elementor-widget-container\">\n\t\t\t\t\t<div class=\"elementor-spacer\">\n\t\t\t<div class=\"elementor-spacer-inner\"><\/div>\n\t\t<\/div>\n\t\t\t\t<\/div>\n\t\t\t\t<\/div>\n\t\t\t\t\t\t<\/div>\n\t\t\t\t\t<\/div>\n\t\t<\/div>\n\t\t\t\t\t\t\t\t<\/div>\n\t\t\t\t\t<\/div>\n\t\t<\/section>\n\t\t\t\t<section class=\"elementor-section elementor-inner-section elementor-element elementor-element-7558e79b elementor-section-boxed elementor-section-height-default elementor-section-height-default\" data-id=\"7558e79b\" data-element_type=\"section\">\n\t\t\t\t\t\t<div class=\"elementor-container elementor-column-gap-default\">\n\t\t\t\t\t\t\t<div class=\"elementor-row\">\n\t\t\t\t\t<div class=\"elementor-column elementor-col-50 elementor-inner-column elementor-element elementor-element-639b8758\" data-id=\"639b8758\" data-element_type=\"column\">\n\t\t\t<div class=\"elementor-column-wrap elementor-element-populated\">\n\t\t\t\t\t\t\t<div class=\"elementor-widget-wrap\">\n\t\t\t\t\t\t<div class=\"elementor-element elementor-element-46bf5e87 elementor-widget elementor-widget-text-editor\" data-id=\"46bf5e87\" data-element_type=\"widget\" data-widget_type=\"text-editor.default\">\n\t\t\t\t<div class=\"elementor-widget-container\">\n\t\t\t\t\t\t\t\t<div class=\"elementor-text-editor elementor-clearfix\">\n\t\t\t\t<p>Los puentes gr\u00faa son gr\u00faas con un polipasto que se desplaza a lo largo del puente entre rodaduras paralelas. Est\u00e1n dise\u00f1adas para satisfacer los requisitos de la elevaci\u00f3n industrial media y pesada y cubren todas las partes del proceso de fabricaci\u00f3n.<\/p><h3>La Excelencia en la Tecnolog\u00eda para los Puentes Gr\u00faa<\/h3><p>Las gr\u00faas industriales de VIA ELEVADORES S.A.S cuentan innovaciones m\u00e1s importantes desarrolladas para aplicaciones de puentes gr\u00faa. Importamos o fabricamos equipos de acuerdo a sus necesidades, de espacio, carga y factor de trabajo desde 500 Kg hasta 10 TON.<\/p>\t\t\t\t\t<\/div>\n\t\t\t\t\t\t<\/div>\n\t\t\t\t<\/div>\n\t\t\t\t\t\t<\/div>\n\t\t\t\t\t<\/div>\n\t\t<\/div>\n\t\t\t\t<div class=\"elementor-column elementor-col-50 elementor-inner-column elementor-element elementor-element-407a9d80\" data-id=\"407a9d80\" data-element_type=\"column\">\n\t\t\t<div class=\"elementor-column-wrap elementor-element-populated\">\n\t\t\t\t\t\t\t<div class=\"elementor-widget-wrap\">\n\t\t\t\t\t\t<div class=\"elementor-element elementor-element-55e9c7dc elementor-widget elementor-widget-image\" data-id=\"55e9c7dc\" data-element_type=\"widget\" data-widget_type=\"image.default\">\n\t\t\t\t<div class=\"elementor-widget-container\">\n\t\t\t\t\t\t\t\t<div class=\"elementor-image\">\n\t\t\t\t\t\t\t\t\t\t\t\t<img decoding=\"async\" width=\"600\" height=\"394\" src=\"https:\/\/viaelevadores.com.co\/wp-content\/uploads\/2019\/03\/producto_10-02.jpg\" class=\"attachment-large size-large\" alt=\"\" srcset=\"https:\/\/viaelevadores.com.co\/wp-content\/uploads\/2019\/03\/producto_10-02.jpg 600w, https:\/\/viaelevadores.com.co\/wp-content\/uploads\/2019\/03\/producto_10-02-300x197.jpg 300w\" sizes=\"(max-width: 600px) 100vw, 600px\" \/>\t\t\t\t\t\t\t\t\t\t\t\t\t\t<\/div>\n\t\t\t\t\t\t<\/div>\n\t\t\t\t<\/div>\n\t\t\t\t\t\t<\/div>\n\t\t\t\t\t<\/div>\n\t\t<\/div>\n\t\t\t\t\t\t\t\t<\/div>\n\t\t\t\t\t<\/div>\n\t\t<\/section>\n\t\t\t\t<div class=\"elementor-element elementor-element-5bef4b8d elementor-widget elementor-widget-spacer\" data-id=\"5bef4b8d\" data-element_type=\"widget\" data-widget_type=\"spacer.default\">\n\t\t\t\t<div class=\"elementor-widget-container\">\n\t\t\t\t\t<div class=\"elementor-spacer\">\n\t\t\t<div class=\"elementor-spacer-inner\"><\/div>\n\t\t<\/div>\n\t\t\t\t<\/div>\n\t\t\t\t<\/div>\n\t\t\t\t\t\t<\/div>\n\t\t\t\t\t<\/div>\n\t\t<\/div>\n\t\t\t\t\t\t\t\t<\/div>\n\t\t\t\t\t<\/div>\n\t\t<\/section>\n\t\t\t\t<section class=\"elementor-section elementor-top-section elementor-element elementor-element-3b9bda70 elementor-section-full_width elementor-section-height-default elementor-section-height-default\" data-id=\"3b9bda70\" data-element_type=\"section\">\n\t\t\t\t\t\t<div class=\"elementor-container elementor-column-gap-default\">\n\t\t\t\t\t\t\t<div class=\"elementor-row\">\n\t\t\t\t\t<div class=\"elementor-column elementor-col-100 elementor-top-column elementor-element elementor-element-23fd9adb\" data-id=\"23fd9adb\" data-element_type=\"column\">\n\t\t\t<div class=\"elementor-column-wrap elementor-element-populated\">\n\t\t\t\t\t\t\t<div class=\"elementor-widget-wrap\">\n\t\t\t\t\t\t<div class=\"elementor-element elementor-element-3a7e27c6 carrusel_items elementor-arrows-position-inside elementor-widget elementor-widget-image-carousel\" data-id=\"3a7e27c6\" data-element_type=\"widget\" data-settings=\"{&quot;slides_to_show&quot;:&quot;4&quot;,&quot;navigation&quot;:&quot;arrows&quot;,&quot;autoplay&quot;:&quot;yes&quot;,&quot;pause_on_hover&quot;:&quot;yes&quot;,&quot;pause_on_interaction&quot;:&quot;yes&quot;,&quot;autoplay_speed&quot;:5000,&quot;infinite&quot;:&quot;yes&quot;,&quot;speed&quot;:500}\" data-widget_type=\"image-carousel.default\">\n\t\t\t\t<div class=\"elementor-widget-container\">\n\t\t\t\t\t<div class=\"elementor-image-carousel-wrapper swiper-container\" dir=\"ltr\">\n\t\t\t<div class=\"elementor-image-carousel swiper-wrapper\">\n\t\t\t\t\t\t\t\t<div class=\"swiper-slide\"><figure class=\"swiper-slide-inner\"><img decoding=\"async\" class=\"swiper-slide-image\" src=\"https:\/\/viaelevadores.com.co\/wp-content\/uploads\/2019\/02\/items-21.jpg\" alt=\"\" \/><\/figure><\/div><div class=\"swiper-slide\"><figure class=\"swiper-slide-inner\"><img decoding=\"async\" class=\"swiper-slide-image\" src=\"https:\/\/viaelevadores.com.co\/wp-content\/uploads\/2019\/02\/items-22.jpg\" alt=\"\" \/><\/figure><\/div><div class=\"swiper-slide\"><figure class=\"swiper-slide-inner\"><img decoding=\"async\" class=\"swiper-slide-image\" src=\"https:\/\/viaelevadores.com.co\/wp-content\/uploads\/2019\/02\/banner_2.jpg\" alt=\"\" \/><\/figure><\/div><div class=\"swiper-slide\"><figure class=\"swiper-slide-inner\"><img decoding=\"async\" class=\"swiper-slide-image\" src=\"https:\/\/viaelevadores.com.co\/wp-content\/uploads\/2019\/02\/items-20.jpg\" alt=\"\" \/><\/figure><\/div>\t\t\t<\/div>\n\t\t\t\t\t\t\t\t\t\t\t\t\t\t\t\t<div class=\"elementor-swiper-button elementor-swiper-button-prev\">\n\t\t\t\t\t\t<i class=\"eicon-chevron-left\" aria-hidden=\"true\"><\/i>\n\t\t\t\t\t\t<span class=\"elementor-screen-only\">Anterior<\/span>\n\t\t\t\t\t<\/div>\n\t\t\t\t\t<div class=\"elementor-swiper-button elementor-swiper-button-next\">\n\t\t\t\t\t\t<i class=\"eicon-chevron-right\" aria-hidden=\"true\"><\/i>\n\t\t\t\t\t\t<span class=\"elementor-screen-only\">Siguiente<\/span>\n\t\t\t\t\t<\/div>\n\t\t\t\t\t\t\t\t\t<\/div>\n\t\t\t\t<\/div>\n\t\t\t\t<\/div>\n\t\t\t\t<div class=\"elementor-element elementor-element-5816b232 elementor-widget elementor-widget-html\" data-id=\"5816b232\" data-element_type=\"widget\" data-widget_type=\"html.default\">\n\t\t\t\t<div class=\"elementor-widget-container\">\n\t\t\t<form id=\"form_contacto_p\">\n    <div>\n    <label>Contactanos<\/label>\n    <div>\n        <span id=\"s1\">\n            <input type=\"text\" placeholder=\"Nombre\" required id=\"\">\n        <\/span>\n        <span id=\"s2\">\n            <input type=\"text\" placeholder=\"Email\" required id=\"\">\n        <\/span>\n    <\/div>\n    \n    <span>\n        <input type=\"text\" placeholder=\"Asunto\" required id=\"\">\n    <\/span>\n    <span>\n        <textarea placeholder=\"Mensaje\" id=\"\"><\/textarea>\n    <\/span>\n    <button>ENVIAR<\/button>\n    <\/div>\n<\/form>\t\t<\/div>\n\t\t\t\t<\/div>\n\t\t\t\t\t\t<\/div>\n\t\t\t\t\t<\/div>\n\t\t<\/div>\n\t\t\t\t\t\t\t\t<\/div>\n\t\t\t\t\t<\/div>\n\t\t<\/section>\n\t\t\t\t\t\t<\/div>\n\t\t\t\t\t\t<\/div>\n\t\t\t\t\t<\/div>\n\t\t","protected":false},"excerpt":{"rendered":"<p>PUENTE GR\u00daA Los puentes gr\u00faa son gr\u00faas con un polipasto que se desplaza a lo largo del puente entre rodaduras paralelas. Est\u00e1n dise\u00f1adas para satisfacer los requisitos de la elevaci\u00f3n industrial media y pesada y cubren todas las partes del proceso de fabricaci\u00f3n. La Excelencia en la Tecnolog\u00eda para los Puentes Gr\u00faa Las gr\u00faas industriales [&hellip;]<\/p>\n","protected":false},"author":1,"featured_media":0,"parent":0,"menu_order":0,"comment_status":"closed","ping_status":"closed","template":"","meta":{"_mi_skip_tracking":false},"yoast_head":"<!-- This site is optimized with the Yoast SEO plugin v20.1 - https:\/\/yoast.com\/wordpress\/plugins\/seo\/ -->\n<title>PUENTE GR\u00daA - Via Elevadores<\/title>\n<meta name=\"robots\" content=\"index, follow, max-snippet:-1, max-image-preview:large, max-video-preview:-1\" \/>\n<link rel=\"canonical\" href=\"https:\/\/viaelevadores.com.co\/index.php\/puente-grua\/\" \/>\n<meta property=\"og:locale\" content=\"es_ES\" \/>\n<meta property=\"og:type\" content=\"article\" \/>\n<meta property=\"og:title\" content=\"PUENTE GR\u00daA - Via Elevadores\" \/>\n<meta property=\"og:description\" content=\"PUENTE GR\u00daA Los puentes gr\u00faa son gr\u00faas con un polipasto que se desplaza a lo largo del puente entre rodaduras paralelas. Est\u00e1n dise\u00f1adas para satisfacer los requisitos de la elevaci\u00f3n industrial media y pesada y cubren todas las partes del proceso de fabricaci\u00f3n. La Excelencia en la Tecnolog\u00eda para los Puentes Gr\u00faa Las gr\u00faas industriales [&hellip;]\" \/>\n<meta property=\"og:url\" content=\"https:\/\/viaelevadores.com.co\/index.php\/puente-grua\/\" \/>\n<meta property=\"og:site_name\" content=\"Via Elevadores\" \/>\n<meta property=\"article:publisher\" content=\"https:\/\/www.facebook.com\/KOYOVIAELEVADORESOFICIAL.COLOMBIA\/\" \/>\n<meta property=\"article:modified_time\" content=\"2019-05-13T14:20:59+00:00\" \/>\n<meta property=\"og:image\" content=\"http:\/\/globalbusinet.com\/viaelevadores\/wp-content\/uploads\/2019\/03\/producto_10-02.jpg\" \/>\n<meta name=\"twitter:card\" content=\"summary_large_image\" \/>\n<meta name=\"twitter:label1\" content=\"Tiempo estimado de lectura\" \/>\n\t<meta name=\"twitter:data1\" content=\"1 minuto\" \/>\n<script type=\"application\/ld+json\" class=\"yoast-schema-graph\">{\"@context\":\"https:\/\/schema.org\",\"@graph\":[{\"@type\":\"WebPage\",\"@id\":\"https:\/\/viaelevadores.com.co\/index.php\/puente-grua\/\",\"url\":\"https:\/\/viaelevadores.com.co\/index.php\/puente-grua\/\",\"name\":\"PUENTE GR\u00daA - Via Elevadores\",\"isPartOf\":{\"@id\":\"https:\/\/viaelevadores.com.co\/#website\"},\"datePublished\":\"2019-03-08T13:50:02+00:00\",\"dateModified\":\"2019-05-13T14:20:59+00:00\",\"breadcrumb\":{\"@id\":\"https:\/\/viaelevadores.com.co\/index.php\/puente-grua\/#breadcrumb\"},\"inLanguage\":\"es-CO\",\"potentialAction\":[{\"@type\":\"ReadAction\",\"target\":[\"https:\/\/viaelevadores.com.co\/index.php\/puente-grua\/\"]}]},{\"@type\":\"BreadcrumbList\",\"@id\":\"https:\/\/viaelevadores.com.co\/index.php\/puente-grua\/#breadcrumb\",\"itemListElement\":[{\"@type\":\"ListItem\",\"position\":1,\"name\":\"Inicio\",\"item\":\"https:\/\/viaelevadores.com.co\/\"},{\"@type\":\"ListItem\",\"position\":2,\"name\":\"PUENTE GR\u00daA\"}]},{\"@type\":\"WebSite\",\"@id\":\"https:\/\/viaelevadores.com.co\/#website\",\"url\":\"https:\/\/viaelevadores.com.co\/\",\"name\":\"Via Elevadores\",\"description\":\"Somos un grupo de trabajo, expertos en transporte vertical, con experiencia y especializaci\u00f3n en el exterior, garantizando a nuestros clientes un excelente equipamiento.\",\"publisher\":{\"@id\":\"https:\/\/viaelevadores.com.co\/#organization\"},\"potentialAction\":[{\"@type\":\"SearchAction\",\"target\":{\"@type\":\"EntryPoint\",\"urlTemplate\":\"https:\/\/viaelevadores.com.co\/?s={search_term_string}\"},\"query-input\":\"required name=search_term_string\"}],\"inLanguage\":\"es-CO\"},{\"@type\":\"Organization\",\"@id\":\"https:\/\/viaelevadores.com.co\/#organization\",\"name\":\"Via Elevadores\",\"url\":\"https:\/\/viaelevadores.com.co\/\",\"logo\":{\"@type\":\"ImageObject\",\"inLanguage\":\"es-CO\",\"@id\":\"https:\/\/viaelevadores.com.co\/#\/schema\/logo\/image\/\",\"url\":\"https:\/\/viaelevadores.com.co\/wp-content\/uploads\/2019\/04\/favicon.2.png\",\"contentUrl\":\"https:\/\/viaelevadores.com.co\/wp-content\/uploads\/2019\/04\/favicon.2.png\",\"width\":672,\"height\":399,\"caption\":\"Via Elevadores\"},\"image\":{\"@id\":\"https:\/\/viaelevadores.com.co\/#\/schema\/logo\/image\/\"},\"sameAs\":[\"https:\/\/www.facebook.com\/KOYOVIAELEVADORESOFICIAL.COLOMBIA\/\",\"https:\/\/www.instagram.com\/koyoascensores_oficial\/\"]}]}<\/script>\n<!-- \/ Yoast SEO plugin. -->","yoast_head_json":{"title":"PUENTE GR\u00daA - Via Elevadores","robots":{"index":"index","follow":"follow","max-snippet":"max-snippet:-1","max-image-preview":"max-image-preview:large","max-video-preview":"max-video-preview:-1"},"canonical":"https:\/\/viaelevadores.com.co\/index.php\/puente-grua\/","og_locale":"es_ES","og_type":"article","og_title":"PUENTE GR\u00daA - Via Elevadores","og_description":"PUENTE GR\u00daA Los puentes gr\u00faa son gr\u00faas con un polipasto que se desplaza a lo largo del puente entre rodaduras paralelas. Est\u00e1n dise\u00f1adas para satisfacer los requisitos de la elevaci\u00f3n industrial media y pesada y cubren todas las partes del proceso de fabricaci\u00f3n. La Excelencia en la Tecnolog\u00eda para los Puentes Gr\u00faa Las gr\u00faas industriales [&hellip;]","og_url":"https:\/\/viaelevadores.com.co\/index.php\/puente-grua\/","og_site_name":"Via Elevadores","article_publisher":"https:\/\/www.facebook.com\/KOYOVIAELEVADORESOFICIAL.COLOMBIA\/","article_modified_time":"2019-05-13T14:20:59+00:00","og_image":[{"url":"http:\/\/globalbusinet.com\/viaelevadores\/wp-content\/uploads\/2019\/03\/producto_10-02.jpg"}],"twitter_card":"summary_large_image","twitter_misc":{"Tiempo estimado de lectura":"1 minuto"},"schema":{"@context":"https:\/\/schema.org","@graph":[{"@type":"WebPage","@id":"https:\/\/viaelevadores.com.co\/index.php\/puente-grua\/","url":"https:\/\/viaelevadores.com.co\/index.php\/puente-grua\/","name":"PUENTE GR\u00daA - Via Elevadores","isPartOf":{"@id":"https:\/\/viaelevadores.com.co\/#website"},"datePublished":"2019-03-08T13:50:02+00:00","dateModified":"2019-05-13T14:20:59+00:00","breadcrumb":{"@id":"https:\/\/viaelevadores.com.co\/index.php\/puente-grua\/#breadcrumb"},"inLanguage":"es-CO","potentialAction":[{"@type":"ReadAction","target":["https:\/\/viaelevadores.com.co\/index.php\/puente-grua\/"]}]},{"@type":"BreadcrumbList","@id":"https:\/\/viaelevadores.com.co\/index.php\/puente-grua\/#breadcrumb","itemListElement":[{"@type":"ListItem","position":1,"name":"Inicio","item":"https:\/\/viaelevadores.com.co\/"},{"@type":"ListItem","position":2,"name":"PUENTE GR\u00daA"}]},{"@type":"WebSite","@id":"https:\/\/viaelevadores.com.co\/#website","url":"https:\/\/viaelevadores.com.co\/","name":"Via Elevadores","description":"Somos un grupo de trabajo, expertos en transporte vertical, con experiencia y especializaci\u00f3n en el exterior, garantizando a nuestros clientes un excelente equipamiento.","publisher":{"@id":"https:\/\/viaelevadores.com.co\/#organization"},"potentialAction":[{"@type":"SearchAction","target":{"@type":"EntryPoint","urlTemplate":"https:\/\/viaelevadores.com.co\/?s={search_term_string}"},"query-input":"required name=search_term_string"}],"inLanguage":"es-CO"},{"@type":"Organization","@id":"https:\/\/viaelevadores.com.co\/#organization","name":"Via Elevadores","url":"https:\/\/viaelevadores.com.co\/","logo":{"@type":"ImageObject","inLanguage":"es-CO","@id":"https:\/\/viaelevadores.com.co\/#\/schema\/logo\/image\/","url":"https:\/\/viaelevadores.com.co\/wp-content\/uploads\/2019\/04\/favicon.2.png","contentUrl":"https:\/\/viaelevadores.com.co\/wp-content\/uploads\/2019\/04\/favicon.2.png","width":672,"height":399,"caption":"Via Elevadores"},"image":{"@id":"https:\/\/viaelevadores.com.co\/#\/schema\/logo\/image\/"},"sameAs":["https:\/\/www.facebook.com\/KOYOVIAELEVADORESOFICIAL.COLOMBIA\/","https:\/\/www.instagram.com\/koyoascensores_oficial\/"]}]}},"_links":{"self":[{"href":"https:\/\/viaelevadores.com.co\/index.php\/wp-json\/wp\/v2\/pages\/280"}],"collection":[{"href":"https:\/\/viaelevadores.com.co\/index.php\/wp-json\/wp\/v2\/pages"}],"about":[{"href":"https:\/\/viaelevadores.com.co\/index.php\/wp-json\/wp\/v2\/types\/page"}],"author":[{"embeddable":true,"href":"https:\/\/viaelevadores.com.co\/index.php\/wp-json\/wp\/v2\/users\/1"}],"replies":[{"embeddable":true,"href":"https:\/\/viaelevadores.com.co\/index.php\/wp-json\/wp\/v2\/comments?post=280"}],"version-history":[{"count":4,"href":"https:\/\/viaelevadores.com.co\/index.php\/wp-json\/wp\/v2\/pages\/280\/revisions"}],"predecessor-version":[{"id":485,"href":"https:\/\/viaelevadores.com.co\/index.php\/wp-json\/wp\/v2\/pages\/280\/revisions\/485"}],"wp:attachment":[{"href":"https:\/\/viaelevadores.com.co\/index.php\/wp-json\/wp\/v2\/media?parent=280"}],"curies":[{"name":"wp","href":"https:\/\/api.w.org\/{rel}","templated":true}]}}