{"id":1315,"date":"2023-03-30T17:18:30","date_gmt":"2023-03-30T17:18:30","guid":{"rendered":"https:\/\/viaelevadores.com.co\/?page_id=1315"},"modified":"2023-04-26T21:06:12","modified_gmt":"2023-04-26T21:06:12","slug":"escaleras-pasillos","status":"publish","type":"page","link":"https:\/\/viaelevadores.com.co\/index.php\/escaleras-pasillos\/","title":{"rendered":"Escaleras\/Pasillos"},"content":{"rendered":"\t\t<div data-elementor-type=\"wp-page\" data-elementor-id=\"1315\" class=\"elementor elementor-1315\" data-elementor-settings=\"[]\">\n\t\t\t\t\t\t<div class=\"elementor-inner\">\n\t\t\t\t\t\t\t<div class=\"elementor-section-wrap\">\n\t\t\t\t\t\t\t<section class=\"elementor-section elementor-top-section elementor-element elementor-element-1cd064c elementor-section-height-min-height elementor-section-boxed elementor-section-height-default elementor-section-items-middle\" data-id=\"1cd064c\" data-element_type=\"section\" data-settings=\"{&quot;background_background&quot;:&quot;classic&quot;}\">\n\t\t\t\t\t\t<div class=\"elementor-container elementor-column-gap-default\">\n\t\t\t\t\t\t\t<div class=\"elementor-row\">\n\t\t\t\t\t<div class=\"elementor-column elementor-col-100 elementor-top-column elementor-element elementor-element-d83caff\" data-id=\"d83caff\" data-element_type=\"column\">\n\t\t\t<div class=\"elementor-column-wrap elementor-element-populated\">\n\t\t\t\t\t\t\t<div class=\"elementor-widget-wrap\">\n\t\t\t\t\t\t<div class=\"elementor-element elementor-element-8d9f0c0 elementor-widget elementor-widget-heading\" data-id=\"8d9f0c0\" data-element_type=\"widget\" data-widget_type=\"heading.default\">\n\t\t\t\t<div class=\"elementor-widget-container\">\n\t\t\t<h2 class=\"elementor-heading-title elementor-size-default\">Escaleras y Pasillos M\u00f3viles<\/h2>\t\t<\/div>\n\t\t\t\t<\/div>\n\t\t\t\t<div class=\"elementor-element elementor-element-f84ebe8 elementor-widget elementor-widget-text-editor\" data-id=\"f84ebe8\" data-element_type=\"widget\" data-widget_type=\"text-editor.default\">\n\t\t\t\t<div class=\"elementor-widget-container\">\n\t\t\t\t\t\t\t\t<div class=\"elementor-text-editor elementor-clearfix\">\n\t\t\t\t<p>Equipos configurables de desplazamiento vertical y horizontal para cualquier tipo de locaci\u00f3n.<\/p>\t\t\t\t\t<\/div>\n\t\t\t\t\t\t<\/div>\n\t\t\t\t<\/div>\n\t\t\t\t<div class=\"elementor-element elementor-element-f8e6064 elementor-fixed elementor-view-default elementor-widget elementor-widget-icon\" data-id=\"f8e6064\" data-element_type=\"widget\" data-settings=\"{&quot;_position&quot;:&quot;fixed&quot;}\" data-widget_type=\"icon.default\">\n\t\t\t\t<div class=\"elementor-widget-container\">\n\t\t\t\t\t<div class=\"elementor-icon-wrapper\">\n\t\t\t<a class=\"elementor-icon\" href=\"https:\/\/wa.me\/message\/CAQZ6JKFMRWBJ1\">\n\t\t\t<i aria-hidden=\"true\" class=\"fab fa-whatsapp-square\"><\/i>\t\t\t<\/a>\n\t\t<\/div>\n\t\t\t\t<\/div>\n\t\t\t\t<\/div>\n\t\t\t\t\t\t<\/div>\n\t\t\t\t\t<\/div>\n\t\t<\/div>\n\t\t\t\t\t\t\t\t<\/div>\n\t\t\t\t\t<\/div>\n\t\t<\/section>\n\t\t\t\t<section class=\"elementor-section elementor-top-section elementor-element elementor-element-6fbd6b8 elementor-section-height-min-height elementor-section-boxed elementor-section-height-default elementor-section-items-middle\" data-id=\"6fbd6b8\" data-element_type=\"section\" data-settings=\"{&quot;background_background&quot;:&quot;classic&quot;}\">\n\t\t\t\t\t\t\t<div class=\"elementor-background-overlay\"><\/div>\n\t\t\t\t\t\t\t<div class=\"elementor-container elementor-column-gap-default\">\n\t\t\t\t\t\t\t<div class=\"elementor-row\">\n\t\t\t\t\t<div class=\"elementor-column elementor-col-50 elementor-top-column elementor-element elementor-element-9fa0cc7\" data-id=\"9fa0cc7\" data-element_type=\"column\">\n\t\t\t<div class=\"elementor-column-wrap elementor-element-populated\">\n\t\t\t\t\t\t\t<div class=\"elementor-widget-wrap\">\n\t\t\t\t\t\t<div class=\"elementor-element elementor-element-dd3a645 elementor-widget elementor-widget-image\" data-id=\"dd3a645\" data-element_type=\"widget\" data-widget_type=\"image.default\">\n\t\t\t\t<div class=\"elementor-widget-container\">\n\t\t\t\t\t\t\t\t<div class=\"elementor-image\">\n\t\t\t\t\t\t\t\t\t\t\t\t<img decoding=\"async\" width=\"800\" height=\"470\" src=\"https:\/\/viaelevadores.com.co\/wp-content\/uploads\/2023\/03\/Escale-aprc-1024x602.png\" class=\"attachment-large size-large\" alt=\"\" srcset=\"https:\/\/viaelevadores.com.co\/wp-content\/uploads\/2023\/03\/Escale-aprc-1024x602.png 1024w, https:\/\/viaelevadores.com.co\/wp-content\/uploads\/2023\/03\/Escale-aprc-300x176.png 300w, https:\/\/viaelevadores.com.co\/wp-content\/uploads\/2023\/03\/Escale-aprc-768x451.png 768w, https:\/\/viaelevadores.com.co\/wp-content\/uploads\/2023\/03\/Escale-aprc.png 1498w\" sizes=\"(max-width: 800px) 100vw, 800px\" \/>\t\t\t\t\t\t\t\t\t\t\t\t\t\t<\/div>\n\t\t\t\t\t\t<\/div>\n\t\t\t\t<\/div>\n\t\t\t\t\t\t<\/div>\n\t\t\t\t\t<\/div>\n\t\t<\/div>\n\t\t\t\t<div class=\"elementor-column elementor-col-50 elementor-top-column elementor-element elementor-element-4245e60\" data-id=\"4245e60\" data-element_type=\"column\">\n\t\t\t<div class=\"elementor-column-wrap elementor-element-populated\">\n\t\t\t\t\t\t\t<div class=\"elementor-widget-wrap\">\n\t\t\t\t\t\t<div class=\"elementor-element elementor-element-fc8ed8c elementor-widget elementor-widget-heading\" data-id=\"fc8ed8c\" data-element_type=\"widget\" data-widget_type=\"heading.default\">\n\t\t\t\t<div class=\"elementor-widget-container\">\n\t\t\t<h2 class=\"elementor-heading-title elementor-size-default\">ESCALERAS MEC\u00c1NICAS<\/h2>\t\t<\/div>\n\t\t\t\t<\/div>\n\t\t\t\t<div class=\"elementor-element elementor-element-57b1e7d elementor-widget elementor-widget-text-editor\" data-id=\"57b1e7d\" data-element_type=\"widget\" data-widget_type=\"text-editor.default\">\n\t\t\t\t<div class=\"elementor-widget-container\">\n\t\t\t\t\t\t\t\t<div class=\"elementor-text-editor elementor-clearfix\">\n\t\t\t\t<p>El transporte vertical puede trasladar de forma ordenada y continuada a muchas m\u00e1s personas a la vez y evitar la sensaci\u00f3n de claustrofobia.<\/p><p>Las escaleras mec\u00e1nicas son una gran ayuda para todo tipo de lugares como estaciones de metro, de autobuses, aeropuertos, oficinas, hoteles, edificios comerciales u otro tipo de construcciones diferentes, ya que facilitan a las personas a desplazarse sin tener que subir o bajar escalones.<\/p>\t\t\t\t\t<\/div>\n\t\t\t\t\t\t<\/div>\n\t\t\t\t<\/div>\n\t\t\t\t\t\t<\/div>\n\t\t\t\t\t<\/div>\n\t\t<\/div>\n\t\t\t\t\t\t\t\t<\/div>\n\t\t\t\t\t<\/div>\n\t\t<\/section>\n\t\t\t\t<section class=\"elementor-section elementor-top-section elementor-element elementor-element-1f3f943 elementor-section-height-min-height elementor-section-content-middle elementor-section-boxed elementor-section-height-default elementor-section-items-middle\" data-id=\"1f3f943\" data-element_type=\"section\" data-settings=\"{&quot;shape_divider_top&quot;:&quot;tilt&quot;}\">\n\t\t\t\t\t\t\t<div class=\"elementor-background-overlay\"><\/div>\n\t\t\t\t\t\t<div class=\"elementor-shape elementor-shape-top\" data-negative=\"false\">\n\t\t\t<svg xmlns=\"http:\/\/www.w3.org\/2000\/svg\" viewBox=\"0 0 1000 100\" preserveAspectRatio=\"none\">\n\t<path class=\"elementor-shape-fill\" d=\"M0,6V0h1000v100L0,6z\"\/>\n<\/svg>\t\t<\/div>\n\t\t\t\t\t<div class=\"elementor-container elementor-column-gap-wider\">\n\t\t\t\t\t\t\t<div class=\"elementor-row\">\n\t\t\t\t\t<div class=\"elementor-column elementor-col-50 elementor-top-column elementor-element elementor-element-625d25c\" data-id=\"625d25c\" data-element_type=\"column\">\n\t\t\t<div class=\"elementor-column-wrap elementor-element-populated\">\n\t\t\t\t\t\t\t<div class=\"elementor-widget-wrap\">\n\t\t\t\t\t\t<div class=\"elementor-element elementor-element-1d8576c elementor-widget elementor-widget-heading\" data-id=\"1d8576c\" data-element_type=\"widget\" data-widget_type=\"heading.default\">\n\t\t\t\t<div class=\"elementor-widget-container\">\n\t\t\t<h2 class=\"elementor-heading-title elementor-size-default\">PASILLO RODANTE<\/h2>\t\t<\/div>\n\t\t\t\t<\/div>\n\t\t\t\t<div class=\"elementor-element elementor-element-5c1df64 elementor-widget elementor-widget-text-editor\" data-id=\"5c1df64\" data-element_type=\"widget\" data-widget_type=\"text-editor.default\">\n\t\t\t\t<div class=\"elementor-widget-container\">\n\t\t\t\t\t\t\t\t<div class=\"elementor-text-editor elementor-clearfix\">\n\t\t\t\t<p>Un pasillo rodante, es un sistema de transporte de personas similar a una escalera mec\u00e1nica pero sin escalones. El pasillo puede ser tanto plano como con cierta inclinaci\u00f3n.<\/p><p>Este tipo de sistemas son frecuentes en los aeropuertos para facilitar el acceso en tramos largos entre o dentro de los terminales. Tambi\u00e9n se encuentran en supermercados con varios niveles, dado que, a diferencia de las escaleras mec\u00e1nicas, permiten el transporte tambi\u00e9n con el carrito. El \u00e1ngulo de inclinaci\u00f3n no debe superar los 7\u00b0 o el 12,3 % para poder considerarse apto para personas minusv\u00e1lidas.<\/p><p>Los pasillos rodantes modernos tienen una velocidad variable, que aumenta al comienzo poco despu\u00e9s de detectar un peso y se reduce poco antes de que el mismo abandone la cinta. La diferencia de velocidad es de aprox. factor 1,8. La soluci\u00f3n t\u00e9cnica consiste en separar o acercar las placas en la zona central, logr\u00e1ndose as\u00ed diferentes velocidades en diferentes secciones de la misma cinta.<\/p>\t\t\t\t\t<\/div>\n\t\t\t\t\t\t<\/div>\n\t\t\t\t<\/div>\n\t\t\t\t\t\t<\/div>\n\t\t\t\t\t<\/div>\n\t\t<\/div>\n\t\t\t\t<div class=\"elementor-column elementor-col-50 elementor-top-column elementor-element elementor-element-3295eae\" data-id=\"3295eae\" data-element_type=\"column\">\n\t\t\t<div class=\"elementor-column-wrap elementor-element-populated\">\n\t\t\t\t\t\t\t<div class=\"elementor-widget-wrap\">\n\t\t\t\t\t\t<div class=\"elementor-element elementor-element-1a93fce elementor-widget elementor-widget-image\" data-id=\"1a93fce\" data-element_type=\"widget\" data-widget_type=\"image.default\">\n\t\t\t\t<div class=\"elementor-widget-container\">\n\t\t\t\t\t\t\t\t<div class=\"elementor-image\">\n\t\t\t\t\t\t\t\t\t\t\t\t<img decoding=\"async\" width=\"800\" height=\"559\" src=\"https:\/\/viaelevadores.com.co\/wp-content\/uploads\/2023\/03\/pasillo-rodante-1024x716.png\" class=\"attachment-large size-large\" alt=\"\" srcset=\"https:\/\/viaelevadores.com.co\/wp-content\/uploads\/2023\/03\/pasillo-rodante-1024x716.png 1024w, https:\/\/viaelevadores.com.co\/wp-content\/uploads\/2023\/03\/pasillo-rodante-300x210.png 300w, https:\/\/viaelevadores.com.co\/wp-content\/uploads\/2023\/03\/pasillo-rodante-768x537.png 768w, https:\/\/viaelevadores.com.co\/wp-content\/uploads\/2023\/03\/pasillo-rodante.png 1259w\" sizes=\"(max-width: 800px) 100vw, 800px\" \/>\t\t\t\t\t\t\t\t\t\t\t\t\t\t<\/div>\n\t\t\t\t\t\t<\/div>\n\t\t\t\t<\/div>\n\t\t\t\t\t\t<\/div>\n\t\t\t\t\t<\/div>\n\t\t<\/div>\n\t\t\t\t\t\t\t\t<\/div>\n\t\t\t\t\t<\/div>\n\t\t<\/section>\n\t\t\t\t<section class=\"elementor-section elementor-top-section elementor-element elementor-element-9fc497c elementor-section-height-min-height elementor-section-content-middle elementor-section-boxed elementor-section-height-default elementor-section-items-middle\" data-id=\"9fc497c\" data-element_type=\"section\" data-settings=\"{&quot;background_background&quot;:&quot;classic&quot;}\">\n\t\t\t\t\t\t\t<div class=\"elementor-background-overlay\"><\/div>\n\t\t\t\t\t\t\t<div class=\"elementor-container elementor-column-gap-default\">\n\t\t\t\t\t\t\t<div class=\"elementor-row\">\n\t\t\t\t\t<div class=\"elementor-column elementor-col-33 elementor-top-column elementor-element elementor-element-9e7415d\" data-id=\"9e7415d\" data-element_type=\"column\">\n\t\t\t<div class=\"elementor-column-wrap elementor-element-populated\">\n\t\t\t\t\t\t\t<div class=\"elementor-widget-wrap\">\n\t\t\t\t\t\t<div class=\"elementor-element elementor-element-f0ca01e elementor-cta--skin-cover elementor-cta--valign-middle elementor-animated-content elementor-bg-transform elementor-bg-transform-zoom-in elementor-widget elementor-widget-call-to-action\" data-id=\"f0ca01e\" data-element_type=\"widget\" data-widget_type=\"call-to-action.default\">\n\t\t\t\t<div class=\"elementor-widget-container\">\n\t\t\t\t\t<div  class=\"elementor-cta\">\n\t\t\t\t\t<div class=\"elementor-cta__bg-wrapper\">\n\t\t\t\t<div class=\"elementor-cta__bg elementor-bg\" style=\"background-image: url(https:\/\/viaelevadores.com.co\/wp-content\/uploads\/2023\/03\/ba-1-min-720x1024.png);\"><\/div>\n\t\t\t\t<div class=\"elementor-cta__bg-overlay\"><\/div>\n\t\t\t<\/div>\n\t\t\t\t\t\t\t<div class=\"elementor-cta__content\">\n\t\t\t\t\n\t\t\t\t\t\t\t\t\t<h2 class=\"elementor-cta__title elementor-cta__content-item elementor-content-item elementor-animated-item--grow\">\n\t\t\t\t\t\tCotiza tu proyecto\t\t\t\t\t<\/h2>\n\t\t\t\t\n\t\t\t\t\t\t\t\t\t<div class=\"elementor-cta__description elementor-cta__content-item elementor-content-item elementor-animated-item--grow\">\n\t\t\t\t\t\tD\u00e9janos tus datos y cu\u00e9ntanos un poco sobre tu proyecto, nuestros asesores se pondr\u00e1n en contacto contigo.\t\t\t\t\t<\/div>\n\t\t\t\t\n\t\t\t\t\t\t\t\t\t<div class=\"elementor-cta__button-wrapper elementor-cta__content-item elementor-content-item elementor-animated-item--grow\">\n\t\t\t\t\t<a class=\"elementor-cta__button elementor-button elementor-size-sm\" href=\"https:\/\/viaelevadores.com.co\/index.php\/landing-page\/\" target=\"_blank\">\n\t\t\t\t\t\tCotizar\t\t\t\t\t<\/a>\n\t\t\t\t\t<\/div>\n\t\t\t\t\t\t\t<\/div>\n\t\t\t\t\t\t<\/div>\n\t\t\t\t<\/div>\n\t\t\t\t<\/div>\n\t\t\t\t\t\t<\/div>\n\t\t\t\t\t<\/div>\n\t\t<\/div>\n\t\t\t\t<div class=\"elementor-column elementor-col-33 elementor-top-column elementor-element elementor-element-4387905\" data-id=\"4387905\" data-element_type=\"column\">\n\t\t\t<div class=\"elementor-column-wrap elementor-element-populated\">\n\t\t\t\t\t\t\t<div class=\"elementor-widget-wrap\">\n\t\t\t\t\t\t<div class=\"elementor-element elementor-element-66c4c9a elementor-widget elementor-widget-heading\" data-id=\"66c4c9a\" data-element_type=\"widget\" data-widget_type=\"heading.default\">\n\t\t\t\t<div class=\"elementor-widget-container\">\n\t\t\t<h2 class=\"elementor-heading-title elementor-size-default\">Hablemos de tu siguiente proyecto<\/h2>\t\t<\/div>\n\t\t\t\t<\/div>\n\t\t\t\t\t\t<\/div>\n\t\t\t\t\t<\/div>\n\t\t<\/div>\n\t\t\t\t<div class=\"elementor-column elementor-col-33 elementor-top-column elementor-element elementor-element-63ccf28\" data-id=\"63ccf28\" data-element_type=\"column\">\n\t\t\t<div class=\"elementor-column-wrap elementor-element-populated\">\n\t\t\t\t\t\t\t<div class=\"elementor-widget-wrap\">\n\t\t\t\t\t\t<div class=\"elementor-element elementor-element-9c07313 elementor-cta--skin-cover elementor-cta--valign-middle elementor-animated-content elementor-bg-transform elementor-bg-transform-zoom-in elementor-widget elementor-widget-call-to-action\" data-id=\"9c07313\" data-element_type=\"widget\" data-widget_type=\"call-to-action.default\">\n\t\t\t\t<div class=\"elementor-widget-container\">\n\t\t\t\t\t<div  class=\"elementor-cta\">\n\t\t\t\t\t<div class=\"elementor-cta__bg-wrapper\">\n\t\t\t\t<div class=\"elementor-cta__bg elementor-bg\" style=\"background-image: url(https:\/\/viaelevadores.com.co\/wp-content\/uploads\/2023\/03\/ba-2-min-720x1024.png);\"><\/div>\n\t\t\t\t<div class=\"elementor-cta__bg-overlay\"><\/div>\n\t\t\t<\/div>\n\t\t\t\t\t\t\t<div class=\"elementor-cta__content\">\n\t\t\t\t\n\t\t\t\t\t\t\t\t\t<h2 class=\"elementor-cta__title elementor-cta__content-item elementor-content-item elementor-animated-item--grow\">\n\t\t\t\t\t\tContacto e informaci\u00f3n\t\t\t\t\t<\/h2>\n\t\t\t\t\n\t\t\t\t\t\t\t\t\t<div class=\"elementor-cta__description elementor-cta__content-item elementor-content-item elementor-animated-item--grow\">\n\t\t\t\t\t\tConsulta nuestros medios de contacto y la ubicaci\u00f3n de todas nuestras oficinas.\t\t\t\t\t<\/div>\n\t\t\t\t\n\t\t\t\t\t\t\t\t\t<div class=\"elementor-cta__button-wrapper elementor-cta__content-item elementor-content-item elementor-animated-item--grow\">\n\t\t\t\t\t<a class=\"elementor-cta__button elementor-button elementor-size-sm\" href=\"https:\/\/viaelevadores.com.co\/index.php\/contacto\/\">\n\t\t\t\t\t\tContactar\t\t\t\t\t<\/a>\n\t\t\t\t\t<\/div>\n\t\t\t\t\t\t\t<\/div>\n\t\t\t\t\t\t<\/div>\n\t\t\t\t<\/div>\n\t\t\t\t<\/div>\n\t\t\t\t\t\t<\/div>\n\t\t\t\t\t<\/div>\n\t\t<\/div>\n\t\t\t\t\t\t\t\t<\/div>\n\t\t\t\t\t<\/div>\n\t\t<\/section>\n\t\t\t\t\t\t<\/div>\n\t\t\t\t\t\t<\/div>\n\t\t\t\t\t<\/div>\n\t\t","protected":false},"excerpt":{"rendered":"<p>Escaleras y Pasillos M\u00f3viles Equipos configurables de desplazamiento vertical y horizontal para cualquier tipo de locaci\u00f3n. ESCALERAS MEC\u00c1NICAS El transporte vertical puede trasladar de forma ordenada y continuada a muchas m\u00e1s personas a la vez y evitar la sensaci\u00f3n de claustrofobia. Las escaleras mec\u00e1nicas son una gran ayuda para todo tipo de lugares como estaciones [&hellip;]<\/p>\n","protected":false},"author":3,"featured_media":0,"parent":0,"menu_order":0,"comment_status":"closed","ping_status":"closed","template":"elementor_header_footer","meta":{"_mi_skip_tracking":false},"yoast_head":"<!-- This site is optimized with the Yoast SEO plugin v20.1 - https:\/\/yoast.com\/wordpress\/plugins\/seo\/ -->\n<title>Escaleras\/Pasillos - Via Elevadores<\/title>\n<meta name=\"robots\" content=\"index, follow, max-snippet:-1, max-image-preview:large, max-video-preview:-1\" \/>\n<link rel=\"canonical\" href=\"https:\/\/viaelevadores.com.co\/index.php\/escaleras-pasillos\/\" \/>\n<meta property=\"og:locale\" content=\"es_ES\" \/>\n<meta property=\"og:type\" content=\"article\" \/>\n<meta property=\"og:title\" content=\"Escaleras\/Pasillos - Via Elevadores\" \/>\n<meta property=\"og:description\" content=\"Escaleras y Pasillos M\u00f3viles Equipos configurables de desplazamiento vertical y horizontal para cualquier tipo de locaci\u00f3n. ESCALERAS MEC\u00c1NICAS El transporte vertical puede trasladar de forma ordenada y continuada a muchas m\u00e1s personas a la vez y evitar la sensaci\u00f3n de claustrofobia. Las escaleras mec\u00e1nicas son una gran ayuda para todo tipo de lugares como estaciones [&hellip;]\" \/>\n<meta property=\"og:url\" content=\"https:\/\/viaelevadores.com.co\/index.php\/escaleras-pasillos\/\" \/>\n<meta property=\"og:site_name\" content=\"Via Elevadores\" \/>\n<meta property=\"article:publisher\" content=\"https:\/\/www.facebook.com\/KOYOVIAELEVADORESOFICIAL.COLOMBIA\/\" \/>\n<meta property=\"article:modified_time\" content=\"2023-04-26T21:06:12+00:00\" \/>\n<meta property=\"og:image\" content=\"https:\/\/viaelevadores.com.co\/wp-content\/uploads\/2023\/03\/Escale-aprc-1024x602.png\" \/>\n<meta name=\"twitter:card\" content=\"summary_large_image\" \/>\n<meta name=\"twitter:label1\" content=\"Tiempo estimado de lectura\" \/>\n\t<meta name=\"twitter:data1\" content=\"2 minutos\" \/>\n<script type=\"application\/ld+json\" class=\"yoast-schema-graph\">{\"@context\":\"https:\/\/schema.org\",\"@graph\":[{\"@type\":\"WebPage\",\"@id\":\"https:\/\/viaelevadores.com.co\/index.php\/escaleras-pasillos\/\",\"url\":\"https:\/\/viaelevadores.com.co\/index.php\/escaleras-pasillos\/\",\"name\":\"Escaleras\/Pasillos - Via Elevadores\",\"isPartOf\":{\"@id\":\"https:\/\/viaelevadores.com.co\/#website\"},\"datePublished\":\"2023-03-30T17:18:30+00:00\",\"dateModified\":\"2023-04-26T21:06:12+00:00\",\"breadcrumb\":{\"@id\":\"https:\/\/viaelevadores.com.co\/index.php\/escaleras-pasillos\/#breadcrumb\"},\"inLanguage\":\"es-CO\",\"potentialAction\":[{\"@type\":\"ReadAction\",\"target\":[\"https:\/\/viaelevadores.com.co\/index.php\/escaleras-pasillos\/\"]}]},{\"@type\":\"BreadcrumbList\",\"@id\":\"https:\/\/viaelevadores.com.co\/index.php\/escaleras-pasillos\/#breadcrumb\",\"itemListElement\":[{\"@type\":\"ListItem\",\"position\":1,\"name\":\"Inicio\",\"item\":\"https:\/\/viaelevadores.com.co\/\"},{\"@type\":\"ListItem\",\"position\":2,\"name\":\"Escaleras\/Pasillos\"}]},{\"@type\":\"WebSite\",\"@id\":\"https:\/\/viaelevadores.com.co\/#website\",\"url\":\"https:\/\/viaelevadores.com.co\/\",\"name\":\"Via Elevadores\",\"description\":\"Somos un grupo de trabajo, expertos en transporte vertical, con experiencia y especializaci\u00f3n en el exterior, garantizando a nuestros clientes un excelente equipamiento.\",\"publisher\":{\"@id\":\"https:\/\/viaelevadores.com.co\/#organization\"},\"potentialAction\":[{\"@type\":\"SearchAction\",\"target\":{\"@type\":\"EntryPoint\",\"urlTemplate\":\"https:\/\/viaelevadores.com.co\/?s={search_term_string}\"},\"query-input\":\"required name=search_term_string\"}],\"inLanguage\":\"es-CO\"},{\"@type\":\"Organization\",\"@id\":\"https:\/\/viaelevadores.com.co\/#organization\",\"name\":\"Via Elevadores\",\"url\":\"https:\/\/viaelevadores.com.co\/\",\"logo\":{\"@type\":\"ImageObject\",\"inLanguage\":\"es-CO\",\"@id\":\"https:\/\/viaelevadores.com.co\/#\/schema\/logo\/image\/\",\"url\":\"https:\/\/viaelevadores.com.co\/wp-content\/uploads\/2019\/04\/favicon.2.png\",\"contentUrl\":\"https:\/\/viaelevadores.com.co\/wp-content\/uploads\/2019\/04\/favicon.2.png\",\"width\":672,\"height\":399,\"caption\":\"Via Elevadores\"},\"image\":{\"@id\":\"https:\/\/viaelevadores.com.co\/#\/schema\/logo\/image\/\"},\"sameAs\":[\"https:\/\/www.facebook.com\/KOYOVIAELEVADORESOFICIAL.COLOMBIA\/\",\"https:\/\/www.instagram.com\/koyoascensores_oficial\/\"]}]}<\/script>\n<!-- \/ Yoast SEO plugin. -->","yoast_head_json":{"title":"Escaleras\/Pasillos - Via Elevadores","robots":{"index":"index","follow":"follow","max-snippet":"max-snippet:-1","max-image-preview":"max-image-preview:large","max-video-preview":"max-video-preview:-1"},"canonical":"https:\/\/viaelevadores.com.co\/index.php\/escaleras-pasillos\/","og_locale":"es_ES","og_type":"article","og_title":"Escaleras\/Pasillos - Via Elevadores","og_description":"Escaleras y Pasillos M\u00f3viles Equipos configurables de desplazamiento vertical y horizontal para cualquier tipo de locaci\u00f3n. ESCALERAS MEC\u00c1NICAS El transporte vertical puede trasladar de forma ordenada y continuada a muchas m\u00e1s personas a la vez y evitar la sensaci\u00f3n de claustrofobia. Las escaleras mec\u00e1nicas son una gran ayuda para todo tipo de lugares como estaciones [&hellip;]","og_url":"https:\/\/viaelevadores.com.co\/index.php\/escaleras-pasillos\/","og_site_name":"Via Elevadores","article_publisher":"https:\/\/www.facebook.com\/KOYOVIAELEVADORESOFICIAL.COLOMBIA\/","article_modified_time":"2023-04-26T21:06:12+00:00","og_image":[{"url":"https:\/\/viaelevadores.com.co\/wp-content\/uploads\/2023\/03\/Escale-aprc-1024x602.png"}],"twitter_card":"summary_large_image","twitter_misc":{"Tiempo estimado de lectura":"2 minutos"},"schema":{"@context":"https:\/\/schema.org","@graph":[{"@type":"WebPage","@id":"https:\/\/viaelevadores.com.co\/index.php\/escaleras-pasillos\/","url":"https:\/\/viaelevadores.com.co\/index.php\/escaleras-pasillos\/","name":"Escaleras\/Pasillos - Via Elevadores","isPartOf":{"@id":"https:\/\/viaelevadores.com.co\/#website"},"datePublished":"2023-03-30T17:18:30+00:00","dateModified":"2023-04-26T21:06:12+00:00","breadcrumb":{"@id":"https:\/\/viaelevadores.com.co\/index.php\/escaleras-pasillos\/#breadcrumb"},"inLanguage":"es-CO","potentialAction":[{"@type":"ReadAction","target":["https:\/\/viaelevadores.com.co\/index.php\/escaleras-pasillos\/"]}]},{"@type":"BreadcrumbList","@id":"https:\/\/viaelevadores.com.co\/index.php\/escaleras-pasillos\/#breadcrumb","itemListElement":[{"@type":"ListItem","position":1,"name":"Inicio","item":"https:\/\/viaelevadores.com.co\/"},{"@type":"ListItem","position":2,"name":"Escaleras\/Pasillos"}]},{"@type":"WebSite","@id":"https:\/\/viaelevadores.com.co\/#website","url":"https:\/\/viaelevadores.com.co\/","name":"Via Elevadores","description":"Somos un grupo de trabajo, expertos en transporte vertical, con experiencia y especializaci\u00f3n en el exterior, garantizando a nuestros clientes un excelente equipamiento.","publisher":{"@id":"https:\/\/viaelevadores.com.co\/#organization"},"potentialAction":[{"@type":"SearchAction","target":{"@type":"EntryPoint","urlTemplate":"https:\/\/viaelevadores.com.co\/?s={search_term_string}"},"query-input":"required name=search_term_string"}],"inLanguage":"es-CO"},{"@type":"Organization","@id":"https:\/\/viaelevadores.com.co\/#organization","name":"Via Elevadores","url":"https:\/\/viaelevadores.com.co\/","logo":{"@type":"ImageObject","inLanguage":"es-CO","@id":"https:\/\/viaelevadores.com.co\/#\/schema\/logo\/image\/","url":"https:\/\/viaelevadores.com.co\/wp-content\/uploads\/2019\/04\/favicon.2.png","contentUrl":"https:\/\/viaelevadores.com.co\/wp-content\/uploads\/2019\/04\/favicon.2.png","width":672,"height":399,"caption":"Via Elevadores"},"image":{"@id":"https:\/\/viaelevadores.com.co\/#\/schema\/logo\/image\/"},"sameAs":["https:\/\/www.facebook.com\/KOYOVIAELEVADORESOFICIAL.COLOMBIA\/","https:\/\/www.instagram.com\/koyoascensores_oficial\/"]}]}},"_links":{"self":[{"href":"https:\/\/viaelevadores.com.co\/index.php\/wp-json\/wp\/v2\/pages\/1315"}],"collection":[{"href":"https:\/\/viaelevadores.com.co\/index.php\/wp-json\/wp\/v2\/pages"}],"about":[{"href":"https:\/\/viaelevadores.com.co\/index.php\/wp-json\/wp\/v2\/types\/page"}],"author":[{"embeddable":true,"href":"https:\/\/viaelevadores.com.co\/index.php\/wp-json\/wp\/v2\/users\/3"}],"replies":[{"embeddable":true,"href":"https:\/\/viaelevadores.com.co\/index.php\/wp-json\/wp\/v2\/comments?post=1315"}],"version-history":[{"count":31,"href":"https:\/\/viaelevadores.com.co\/index.php\/wp-json\/wp\/v2\/pages\/1315\/revisions"}],"predecessor-version":[{"id":1825,"href":"https:\/\/viaelevadores.com.co\/index.php\/wp-json\/wp\/v2\/pages\/1315\/revisions\/1825"}],"wp:attachment":[{"href":"https:\/\/viaelevadores.com.co\/index.php\/wp-json\/wp\/v2\/media?parent=1315"}],"curies":[{"name":"wp","href":"https:\/\/api.w.org\/{rel}","templated":true}]}}